{"id":235,"date":"2010-09-15T08:21:10","date_gmt":"2010-09-15T08:21:10","guid":{"rendered":"http:\/\/elegantthemes.com\/preview\/DeepFocus\/?page_id=235"},"modified":"2013-06-10T14:50:53","modified_gmt":"2013-06-10T14:50:53","slug":"what-i-do","status":"publish","type":"page","link":"https:\/\/jcondom.cat\/?page_id=235","title":{"rendered":"Qu\u00e8 fem"},"content":{"rendered":"<p style=\"text-align: left;\">Som gent dedicada a la construcci\u00f3 de maquin\u00e0ria per a les feines agr\u00edcoles.<\/p>\n<p style=\"text-align: left;\">Els nostres esfor\u00e7os estan destinats a fer guanyar capacitat i rendiment econ\u00f2mic als nostres clients. Per aix\u00f2 proposem m\u00e0quines constru\u00efdes per nosaltres o per altres fabricants estrangers. Ens sentim orgullosos de moltes de les solucions que hem creat, que s&#8217;han revelat com a m\u00e9s productives que les de les marques considerades l\u00edders.<!--more--><\/p>\n<p style=\"text-align: left;\">Cont\u00ednuament desenvolupem,\u00a0gaireb\u00e9 sempre en estreta relaci\u00f3 amb el client, noves solucions mec\u00e0niques, materials m\u00e9s adaptats; utilitzem ass\u00edduament cinc tipus d&#8217;acer en barra i set diferents qualitats de xapa. No ens s\u00f3n aliens els adhesius, materials sint\u00e8tics, nilons i composits.<\/p>\n","protected":false},"excerpt":{"rendered":"<p>Som gent dedicada a la construcci\u00f3 de maquin\u00e0ria per a les feines agr\u00edcoles. Els nostres esfor\u00e7os estan destinats a fer guanyar capacitat i rendiment econ\u00f2mic als nostres clients. Per aix\u00f2 proposem m\u00e0quines constru\u00efdes per nosaltres o per altres fabricants estrangers. Ens sentim orgullosos de moltes de les solucions que hem creat, que s&#8217;han revelat com [&hellip;]<\/p>\n","protected":false},"author":1,"featured_media":0,"parent":0,"menu_order":0,"comment_status":"closed","ping_status":"open","template":"","meta":{"footnotes":""},"class_list":["post-235","page","type-page","status-publish","hentry"],"_links":{"self":[{"href":"https:\/\/jcondom.cat\/index.php?rest_route=\/wp\/v2\/pages\/235","targetHints":{"allow":["GET"]}}],"collection":[{"href":"https:\/\/jcondom.cat\/index.php?rest_route=\/wp\/v2\/pages"}],"about":[{"href":"https:\/\/jcondom.cat\/index.php?rest_route=\/wp\/v2\/types\/page"}],"author":[{"embeddable":true,"href":"https:\/\/jcondom.cat\/index.php?rest_route=\/wp\/v2\/users\/1"}],"replies":[{"embeddable":true,"href":"https:\/\/jcondom.cat\/index.php?rest_route=%2Fwp%2Fv2%2Fcomments&post=235"}],"version-history":[{"count":9,"href":"https:\/\/jcondom.cat\/index.php?rest_route=\/wp\/v2\/pages\/235\/revisions"}],"predecessor-version":[{"id":830,"href":"https:\/\/jcondom.cat\/index.php?rest_route=\/wp\/v2\/pages\/235\/revisions\/830"}],"wp:attachment":[{"href":"https:\/\/jcondom.cat\/index.php?rest_route=%2Fwp%2Fv2%2Fmedia&parent=235"}],"curies":[{"name":"wp","href":"https:\/\/api.w.org\/{rel}","templated":true}]}}