{"id":668,"date":"2010-09-15T08:20:47","date_gmt":"2010-09-15T08:20:47","guid":{"rendered":"http:\/\/elegantthemes.com\/preview\/DeepFocus\/?page_id=233"},"modified":"2013-06-10T15:35:12","modified_gmt":"2013-06-10T15:35:12","slug":"who-i-am","status":"publish","type":"page","link":"https:\/\/jcondom.cat\/?page_id=668","title":{"rendered":"Qui som"},"content":{"rendered":"<p>S\u00f3c Jaume Condom, \u00a0l&#8217;actual responsable de<br \/>\nJ Condom, i m&#8217;ajuda la meva muller, Maria Teresa. Tenim la dimensi\u00f3 i l&#8217;estructura d&#8217;una empresa familiar.<\/p>\n<p>El meu pare, Josep Condom, que ens va deixar el 2011, havia nascut l&#8217;any 1928 i va exercir l&#8217;ofici a Siurana durant tota la seva vida professional. Durant els anys 50-60 va comen\u00e7ar la construcci\u00f3, de manera artesana, dels primers cultivadors per a tractor. Va viure de ple la mecanitzaci\u00f3 de l&#8217;agricultura.<\/p>\n<p><!--more--><\/p>\n<p>Jaume Condom Vila, nascut el 1895, el meu avi, va fer de ferrer a Siurana tota la vida. El seu pare, Josep Condom Tallada, nascut el 1868, es va casar amb la filla del ferrer de Siurana i va comen\u00e7ar exercint de ferrer a la seu actual, que ell mateix va fundar.<\/p>\n<p>El seu pare, Mart\u00ed Condom Claparols ja n&#8217;era, de ferrer, i exercia a Sant Mori. Va ser pare d&#8217;una germandat de set fills i la majoria el seguiren. Naturalment van haver de buscar pla\u00e7a per radicar-se i una de les millors maneres era maridant-se.<\/p>\n<p>Miquel Condom Vidal, pare d&#8217;en Mart\u00ed, havia nascut a Jafre l&#8217;any 1790, fill de ferrer, i com que no era\u00a0l&#8217;hereu, emigr\u00e0 a Sant Mori. Josep Condom Ponsat\u00ed, pare de l&#8217;anterior, ferrer, nascut a la Pera l&#8217;any 1746, va anar a instal\u00b7lar-se a Jafre. El seu pare, Joan Condom Ros (1724), i el seu avi, Miquel Condom Moradell (1684), foren ferrers de P\u00fabol i la Pera en diversos locals.<\/p>\n<p>El pare d&#8217;aquest darrer, Francesc Condom, nascut al Pont Major de Girona l&#8217;any 1655, fou ferrer i va\u00a0aprendre\u00a0l&#8217;ofici del seu pare, Joan Pere Condom, que havia nascut en una data indeterminada, propera al 1630, al poble de Cartell\u00e0. En maridar-se, s&#8217;havia establert al Pont Major. Va emprar la seva vida\u00a0a treballar amb fatiga el ferro i ferrar cavalleries. Naturalment, per a ell la terra era plana.<\/p>\n<p>Conservem eines procedents d&#8217;avantpassats que podem datar i d&#8217;altres que no, per\u00f2 en totes hi trobem motius d&#8217;admiraci\u00f3, de gratitud o d\u2019alguna cosa que ens commou.<\/p>\n<p><i>Les dades geneal\u00f2giques han sigut recollides per Francesc Noguer, de Calabuig.<\/i><\/p>\n","protected":false},"excerpt":{"rendered":"<p>S\u00f3c Jaume Condom, \u00a0l&#8217;actual responsable de J Condom, i m&#8217;ajuda la meva muller, Maria Teresa. Tenim la dimensi\u00f3 i l&#8217;estructura d&#8217;una empresa familiar. El meu pare, Josep Condom, que ens va deixar el 2011, havia nascut l&#8217;any 1928 i va exercir l&#8217;ofici a Siurana durant tota la seva vida professional. Durant els anys 50-60 va [&hellip;]<\/p>\n","protected":false},"author":1,"featured_media":0,"parent":0,"menu_order":0,"comment_status":"closed","ping_status":"open","template":"","meta":{"footnotes":""},"class_list":["post-668","page","type-page","status-publish","hentry"],"_links":{"self":[{"href":"https:\/\/jcondom.cat\/index.php?rest_route=\/wp\/v2\/pages\/668","targetHints":{"allow":["GET"]}}],"collection":[{"href":"https:\/\/jcondom.cat\/index.php?rest_route=\/wp\/v2\/pages"}],"about":[{"href":"https:\/\/jcondom.cat\/index.php?rest_route=\/wp\/v2\/types\/page"}],"author":[{"embeddable":true,"href":"https:\/\/jcondom.cat\/index.php?rest_route=\/wp\/v2\/users\/1"}],"replies":[{"embeddable":true,"href":"https:\/\/jcondom.cat\/index.php?rest_route=%2Fwp%2Fv2%2Fcomments&post=668"}],"version-history":[{"count":6,"href":"https:\/\/jcondom.cat\/index.php?rest_route=\/wp\/v2\/pages\/668\/revisions"}],"predecessor-version":[{"id":839,"href":"https:\/\/jcondom.cat\/index.php?rest_route=\/wp\/v2\/pages\/668\/revisions\/839"}],"wp:attachment":[{"href":"https:\/\/jcondom.cat\/index.php?rest_route=%2Fwp%2Fv2%2Fmedia&parent=668"}],"curies":[{"name":"wp","href":"https:\/\/api.w.org\/{rel}","templated":true}]}}